{"id":19005317,"date":"2023-05-17T20:51:01","date_gmt":"2023-05-17T20:51:01","guid":{"rendered":"https:\/\/dev1.dintestsida.se\/om\/"},"modified":"2025-03-17T16:18:48","modified_gmt":"2025-03-17T16:18:48","slug":"om","status":"publish","type":"page","link":"https:\/\/degermark-finehomes.com\/sv\/om\/","title":{"rendered":"Om"},"content":{"rendered":"<p>[et_pb_section fb_built=&#8221;1&#8243; custom_padding_last_edited=&#8221;on|phone&#8221; _builder_version=&#8221;4.21.0&#8243; _module_preset=&#8221;default&#8221; background_image=&#8221;https:\/\/degermark-finehomes.com\/wp-content\/uploads\/om.jpg&#8221; width_tablet=&#8221;&#8221; width_phone=&#8221;&#8221; width_last_edited=&#8221;on|desktop&#8221; max_width_tablet=&#8221;&#8221; max_width_phone=&#8221;&#8221; max_width_last_edited=&#8221;on|desktop&#8221; min_height=&#8221;688px&#8221; min_height_tablet=&#8221;689px&#8221; min_height_phone=&#8221;689px&#8221; min_height_last_edited=&#8221;on|desktop&#8221; custom_padding=&#8221;100px||300px||false|false&#8221; custom_padding_tablet=&#8221;100px||300px||false|false&#8221; custom_padding_phone=&#8221;90px||180px||false|false&#8221; global_colors_info=&#8221;{}&#8221;][et_pb_row _builder_version=&#8221;4.21.0&#8243; _module_preset=&#8221;default&#8221; global_colors_info=&#8221;{}&#8221;][et_pb_column type=&#8221;4_4&#8243; _builder_version=&#8221;4.21.0&#8243; _module_preset=&#8221;default&#8221; global_colors_info=&#8221;{}&#8221;][et_pb_text _builder_version=&#8221;4.21.0&#8243; _module_preset=&#8221;default&#8221; header_2_font=&#8221;|700|||||||&#8221; header_2_text_color=&#8221;#FFFFFF&#8221; header_2_font_size=&#8221;32px&#8221; header_2_letter_spacing=&#8221;2px&#8221; header_2_line_height=&#8221;1.3em&#8221; text_orientation=&#8221;center&#8221; background_layout=&#8221;dark&#8221; width=&#8221;75%&#8221; width_tablet=&#8221;100%&#8221; width_phone=&#8221;80%&#8221; width_last_edited=&#8221;on|phone&#8221; module_alignment=&#8221;center&#8221; custom_padding_tablet=&#8221;&#8221; custom_padding_phone=&#8221;&#8221; custom_padding_last_edited=&#8221;on|phone&#8221; global_colors_info=&#8221;{}&#8221;]<\/p>\n<h2>Vakna h\u00f6gt uppe bland tak\u00e5sar och katedraler.<\/h2>\n<p>[\/et_pb_text][\/et_pb_column][\/et_pb_row][\/et_pb_section][et_pb_section fb_built=&#8221;1&#8243; _builder_version=&#8221;4.21.0&#8243; _module_preset=&#8221;default&#8221; global_colors_info=&#8221;{}&#8221;][et_pb_row column_structure=&#8221;1_2,1_2&#8243; _builder_version=&#8221;4.21.0&#8243; _module_preset=&#8221;default&#8221; global_colors_info=&#8221;{}&#8221;][et_pb_column type=&#8221;1_2&#8243; _builder_version=&#8221;4.21.0&#8243; _module_preset=&#8221;default&#8221; background_enable_image=&#8221;off&#8221; animation_style=&#8221;fade&#8221; animation_duration=&#8221;1500ms&#8221; animation_delay=&#8221;500ms&#8221; animation_speed_curve=&#8221;ease&#8221; border_width_right_tablet=&#8221;&#8221; border_width_right_phone=&#8221;&#8221; border_width_right_last_edited=&#8221;on|phone&#8221; global_colors_info=&#8221;{}&#8221;][et_pb_image src=&#8221;https:\/\/degermark-finehomes.com\/wp-content\/uploads\/om-1.jpg&#8221; alt=&#8221;om-1&#8243; _builder_version=&#8221;4.21.0&#8243; _module_preset=&#8221;default&#8221; global_colors_info=&#8221;{}&#8221;][\/et_pb_image][\/et_pb_column][et_pb_column type=&#8221;1_2&#8243; _builder_version=&#8221;4.21.0&#8243; _module_preset=&#8221;default&#8221; background_enable_color=&#8221;off&#8221; custom_padding_tablet=&#8221;&#8221; custom_padding_phone=&#8221;&#8221; custom_padding_last_edited=&#8221;on|phone&#8221; animation_style=&#8221;fade&#8221; animation_duration=&#8221;1500ms&#8221; animation_delay=&#8221;750ms&#8221; animation_speed_curve=&#8221;ease&#8221; border_width_top_tablet=&#8221;&#8221; border_width_top_phone=&#8221;&#8221; border_width_top_last_edited=&#8221;on|phone&#8221; border_color_top_tablet=&#8221;&#8221; border_color_top_phone=&#8221;&#8221; border_color_top_last_edited=&#8221;on|desktop&#8221; border_width_left_tablet=&#8221;&#8221; border_width_left_phone=&#8221;&#8221; border_width_left_last_edited=&#8221;on|tablet&#8221; global_colors_info=&#8221;{}&#8221;][et_pb_text _builder_version=&#8221;4.21.0&#8243; _module_preset=&#8221;default&#8221; global_colors_info=&#8221;{}&#8221;]<\/p>\n<h2>Vakna h\u00f6gt uppe bland tak\u00e5sar och katedraler.<\/h2>\n<p>[\/et_pb_text][et_pb_divider color=&#8221;#313131&#8243; divider_style=&#8221;solid&#8221; divider_weight=&#8221;2px&#8221; _builder_version=&#8221;4.21.0&#8243; _module_preset=&#8221;default&#8221; width=&#8221;25%&#8221; custom_margin=&#8221;-30px||||false|false&#8221; global_colors_info=&#8221;{}&#8221;][\/et_pb_divider][et_pb_text _builder_version=&#8221;4.27.4&#8243; _module_preset=&#8221;default&#8221; hover_enabled=&#8221;0&#8243; global_colors_info=&#8221;{}&#8221; sticky_enabled=&#8221;0&#8243;]Jag heter Isabelle Degermark och har v\u00e4xt upp b\u00e5de i Sverige och p\u00e5 Mallorca d\u00e4r jag arbetat som fastighetsm\u00e4klare i 20 \u00e5r. Genom Degermark Fine Homes hj\u00e4lper jag och mitt team dig att hitta ditt paradis, oavsett om det finns i centrala Palma, vid havet eller p\u00e5 landsbygden.<br \/>\nDegermark Fine Homes \u00e4r inte en traditionell m\u00e4klarfirma utan jobbar frist\u00e5ende f\u00f6r att hitta just precis det som du \u00e4r ute efter. Som en \u201cpersonal shopper\u201d kan man s\u00e4ga.<\/p>\n<p>Jag vet vad vi skandinaver vill ha vad g\u00e4ller komfort och design, och har samtidigt stenkoll p\u00e5 Mallorcas fastighetsmarknad och alla p\u00e4rlor som inte alltid finns p\u00e5 den \u00f6ppna marknaden.<\/p>\n<p>Jag hj\u00e4lper dig fr\u00e5n start tills du s\u00e4tter nyckeln i ditt eget dr\u00f6mhus.[\/et_pb_text][\/et_pb_column][\/et_pb_row][\/et_pb_section]<\/p>\n","protected":false},"excerpt":{"rendered":"<p>Vakna h\u00f6gt uppe bland tak\u00e5sar och katedraler.Vakna h\u00f6gt uppe bland tak\u00e5sar och katedraler.Jag heter Isabelle Degermark och har v\u00e4xt upp b\u00e5de i Sverige och p\u00e5 Mallorca d\u00e4r jag arbetat som fastighetsm\u00e4klare i 20 \u00e5r. Genom Degermark Fine Homes hj\u00e4lper jag och mitt team dig att hitta ditt paradis, oavsett om det finns i centrala Palma, [&hellip;]<\/p>\n","protected":false},"author":1,"featured_media":0,"parent":0,"menu_order":0,"comment_status":"closed","ping_status":"closed","template":"","meta":{"_et_pb_use_builder":"on","_et_pb_old_content":"","_et_gb_content_width":"","footnotes":""},"dipi_cpt_category":[],"class_list":["post-19005317","page","type-page","status-publish","hentry"],"_links":{"self":[{"href":"https:\/\/degermark-finehomes.com\/sv\/wp-json\/wp\/v2\/pages\/19005317","targetHints":{"allow":["GET"]}}],"collection":[{"href":"https:\/\/degermark-finehomes.com\/sv\/wp-json\/wp\/v2\/pages"}],"about":[{"href":"https:\/\/degermark-finehomes.com\/sv\/wp-json\/wp\/v2\/types\/page"}],"author":[{"embeddable":true,"href":"https:\/\/degermark-finehomes.com\/sv\/wp-json\/wp\/v2\/users\/1"}],"replies":[{"embeddable":true,"href":"https:\/\/degermark-finehomes.com\/sv\/wp-json\/wp\/v2\/comments?post=19005317"}],"version-history":[{"count":1,"href":"https:\/\/degermark-finehomes.com\/sv\/wp-json\/wp\/v2\/pages\/19005317\/revisions"}],"predecessor-version":[{"id":19005544,"href":"https:\/\/degermark-finehomes.com\/sv\/wp-json\/wp\/v2\/pages\/19005317\/revisions\/19005544"}],"wp:attachment":[{"href":"https:\/\/degermark-finehomes.com\/sv\/wp-json\/wp\/v2\/media?parent=19005317"}],"wp:term":[{"taxonomy":"dipi_cpt_category","embeddable":true,"href":"https:\/\/degermark-finehomes.com\/sv\/wp-json\/wp\/v2\/dipi_cpt_category?post=19005317"}],"curies":[{"name":"wp","href":"https:\/\/api.w.org\/{rel}","templated":true}]}}